{"id":4332,"date":"2020-04-11T12:33:23","date_gmt":"2020-04-11T10:33:23","guid":{"rendered":"http:\/\/couleurs-cotedopale.com\/?page_id=4332"},"modified":"2021-05-23T17:09:34","modified_gmt":"2021-05-23T15:09:34","slug":"a-propos","status":"publish","type":"page","link":"https:\/\/couleurs-cotedopale.com\/?page_id=4332","title":{"rendered":"A propos de nous"},"content":{"rendered":"\t\t<div data-elementor-type=\"wp-page\" data-elementor-id=\"4332\" class=\"elementor elementor-4332\">\n\t\t\t\t\t\t<section class=\"elementor-section elementor-top-section elementor-element elementor-element-433001bb elementor-section-boxed elementor-section-height-default elementor-section-height-default\" data-id=\"433001bb\" data-element_type=\"section\" data-e-type=\"section\">\n\t\t\t\t\t\t<div class=\"elementor-container elementor-column-gap-default\">\n\t\t\t\t\t<div class=\"elementor-column elementor-col-100 elementor-top-column elementor-element elementor-element-3adfada\" data-id=\"3adfada\" data-element_type=\"column\" data-e-type=\"column\">\n\t\t\t<div class=\"elementor-widget-wrap elementor-element-populated\">\n\t\t\t\t\t\t<div class=\"elementor-element elementor-element-22d8f253 elementor-widget elementor-widget-text-editor\" data-id=\"22d8f253\" data-element_type=\"widget\" data-e-type=\"widget\" data-widget_type=\"text-editor.default\">\n\t\t\t\t<div class=\"elementor-widget-container\">\n\t\t\t\t\t\t\t\t\t<p><\/p>\n<p>Nous sommes quatre propri\u00e9taires qui ont d\u00e9cid\u00e9 de s&rsquo;unir pour proposer nos appartements en location courte dur\u00e9e directement aux voyageurs, sans aucun interm\u00e9diaire.&nbsp;<\/p><p>Originaires de la c\u00f4te d\u2019opale, nous avons toujours v\u00e9cu dans les Hauts France&nbsp;: sur la c\u00f4te, Lille, le bassin minier &#8230;<\/p>\n<p><\/p>\n<p><\/p>\n<p>Grace \u00e0 notre connaissance et notre amour de la r\u00e9gion, nous&nbsp; sauronsvous conseiller et vous orienter selon vos centres d\u2019int\u00e9r\u00eats&nbsp;: loisirs, nature, histoire \u2026<\/p>\n<p><\/p>\n<p><\/p>\n<p>Dans le livret d\u2019accueil sp\u00e9cialement con\u00e7u pour vous, vous trouverez toutes les informations utiles pour faciliter votre s\u00e9jour&nbsp;, adresses et num\u00e9ros utiles, commerces indispensables, plans, notices&#8230;<\/p>\n<p><\/p>\n<p><\/p>\n<p>Nous vous livrerons aussi nos adresses de restaurants, les activit\u00e9s \u00e0 faire en ville et 5 choses \u00e0 voir sur la c\u00f4te d\u2019opale.<\/p>\n<p><\/p>\n<p><\/p>\n<p>Nous pourrons \u00e9galement vous conseiller si vous souhaitez vous \u00e9loigner de la c\u00f4te.<\/p>\n<p><\/p>\n<p><\/p>\n<div class=\"wp-block-cover has-background-dim\" style=\"background-image:url(http:\/\/couleurs-cotedopale.com\/wp-content\/uploads\/2020\/04\/20130929_141708-scaled.jpg)\">\n<div class=\"wp-block-cover__inner-container is-layout-flow wp-block-cover-is-layout-flow\"><p><\/p>\n<p class=\"has-text-align-center has-large-font-size\">Les couleurs de la c\u00f4te d&rsquo;opale<\/p>\n<p><\/p><\/div>\n<\/div>\n<p><\/p>\t\t\t\t\t\t\t\t<\/div>\n\t\t\t\t<\/div>\n\t\t\t\t\t<\/div>\n\t\t<\/div>\n\t\t\t\t\t<\/div>\n\t\t<\/section>\n\t\t\t\t<\/div>\n\t\t","protected":false},"excerpt":{"rendered":"<p>Nous sommes quatre propri\u00e9taires qui ont d\u00e9cid\u00e9 de s&rsquo;unir pour proposer nos appartements en location courte dur\u00e9e directement aux voyageurs, sans aucun interm\u00e9diaire.&nbsp; Originaires de la c\u00f4te d\u2019opale, nous avons toujours v\u00e9cu dans les Hauts France&nbsp;: sur la c\u00f4te, Lille, le bassin minier &#8230; Grace \u00e0 notre connaissance et notre amour de la r\u00e9gion, nous&nbsp; [&hellip;]<\/p>\n","protected":false},"author":1,"featured_media":0,"parent":4809,"menu_order":1,"comment_status":"closed","ping_status":"closed","template":"","meta":{"_monsterinsights_skip_tracking":false,"_monsterinsights_sitenote_active":false,"_monsterinsights_sitenote_note":"","_monsterinsights_sitenote_category":0,"site-sidebar-layout":"default","site-content-layout":"","ast-site-content-layout":"default","site-content-style":"default","site-sidebar-style":"default","ast-global-header-display":"","ast-banner-title-visibility":"","ast-main-header-display":"","ast-hfb-above-header-display":"","ast-hfb-below-header-display":"","ast-hfb-mobile-header-display":"","site-post-title":"","ast-breadcrumbs-content":"","ast-featured-img":"","footer-sml-layout":"","ast-disable-related-posts":"","theme-transparent-header-meta":"","adv-header-id-meta":"","stick-header-meta":"","header-above-stick-meta":"","header-main-stick-meta":"","header-below-stick-meta":"","astra-migrate-meta-layouts":"default","ast-page-background-enabled":"default","ast-page-background-meta":{"desktop":{"background-color":"","background-image":"","background-repeat":"repeat","background-position":"center center","background-size":"auto","background-attachment":"scroll","background-type":"","background-media":"","overlay-type":"","overlay-color":"","overlay-opacity":"","overlay-gradient":""},"tablet":{"background-color":"","background-image":"","background-repeat":"repeat","background-position":"center center","background-size":"auto","background-attachment":"scroll","background-type":"","background-media":"","overlay-type":"","overlay-color":"","overlay-opacity":"","overlay-gradient":""},"mobile":{"background-color":"","background-image":"","background-repeat":"repeat","background-position":"center center","background-size":"auto","background-attachment":"scroll","background-type":"","background-media":"","overlay-type":"","overlay-color":"","overlay-opacity":"","overlay-gradient":""}},"ast-content-background-meta":{"desktop":{"background-color":"var(--ast-global-color-5)","background-image":"","background-repeat":"repeat","background-position":"center center","background-size":"auto","background-attachment":"scroll","background-type":"","background-media":"","overlay-type":"","overlay-color":"","overlay-opacity":"","overlay-gradient":""},"tablet":{"background-color":"var(--ast-global-color-5)","background-image":"","background-repeat":"repeat","background-position":"center center","background-size":"auto","background-attachment":"scroll","background-type":"","background-media":"","overlay-type":"","overlay-color":"","overlay-opacity":"","overlay-gradient":""},"mobile":{"background-color":"var(--ast-global-color-5)","background-image":"","background-repeat":"repeat","background-position":"center center","background-size":"auto","background-attachment":"scroll","background-type":"","background-media":"","overlay-type":"","overlay-color":"","overlay-opacity":"","overlay-gradient":""}},"footnotes":""},"class_list":["post-4332","page","type-page","status-publish","hentry"],"_links":{"self":[{"href":"https:\/\/couleurs-cotedopale.com\/index.php?rest_route=\/wp\/v2\/pages\/4332","targetHints":{"allow":["GET"]}}],"collection":[{"href":"https:\/\/couleurs-cotedopale.com\/index.php?rest_route=\/wp\/v2\/pages"}],"about":[{"href":"https:\/\/couleurs-cotedopale.com\/index.php?rest_route=\/wp\/v2\/types\/page"}],"author":[{"embeddable":true,"href":"https:\/\/couleurs-cotedopale.com\/index.php?rest_route=\/wp\/v2\/users\/1"}],"replies":[{"embeddable":true,"href":"https:\/\/couleurs-cotedopale.com\/index.php?rest_route=%2Fwp%2Fv2%2Fcomments&post=4332"}],"version-history":[{"count":11,"href":"https:\/\/couleurs-cotedopale.com\/index.php?rest_route=\/wp\/v2\/pages\/4332\/revisions"}],"predecessor-version":[{"id":5978,"href":"https:\/\/couleurs-cotedopale.com\/index.php?rest_route=\/wp\/v2\/pages\/4332\/revisions\/5978"}],"up":[{"embeddable":true,"href":"https:\/\/couleurs-cotedopale.com\/index.php?rest_route=\/wp\/v2\/pages\/4809"}],"wp:attachment":[{"href":"https:\/\/couleurs-cotedopale.com\/index.php?rest_route=%2Fwp%2Fv2%2Fmedia&parent=4332"}],"curies":[{"name":"wp","href":"https:\/\/api.w.org\/{rel}","templated":true}]}}