{"id":4964,"date":"2020-05-08T17:17:50","date_gmt":"2020-05-08T15:17:50","guid":{"rendered":"https:\/\/couleurs-cotedopale.com\/?page_id=4964"},"modified":"2020-10-09T21:31:50","modified_gmt":"2020-10-09T19:31:50","slug":"nous-trouver-sur-les-reseaux-sociaux","status":"publish","type":"page","link":"https:\/\/couleurs-cotedopale.com\/?page_id=4964","title":{"rendered":"Nous trouver sur les r\u00e9seaux sociaux."},"content":{"rendered":"\n<p>Vous pouvez nous retrouver sur <a rel=\"noreferrer noopener\" href=\"https:\/\/www.facebook.com\/Les-couleurs-de-la-c%C3%B4te-d-opale-111497633883753\/\" target=\"_blank\">FACEBOOK<\/a>.  N\u00a0\u00bbh\u00e9siter pas \u00e0 aller jeter un coup d&rsquo;oeil et \u00e0 liker notre page. Vous y trouverez r\u00e9guli\u00e8rement des concours,des promotions.  <\/p>\n\n\n\n<ul class=\"wp-block-social-links is-layout-flex wp-block-social-links-is-layout-flex\">\n\n<li class=\"wp-social-link wp-social-link-facebook  wp-block-social-link\"><a href=\"https:\/\/www.facebook.com\/Les-couleurs-de-la-c%C3%B4te-d-opale-111497633883753\/\" class=\"wp-block-social-link-anchor\"><svg width=\"24\" height=\"24\" viewBox=\"0 0 24 24\" version=\"1.1\" xmlns=\"http:\/\/www.w3.org\/2000\/svg\" aria-hidden=\"true\" focusable=\"false\"><path d=\"M12 2C6.5 2 2 6.5 2 12c0 5 3.7 9.1 8.4 9.9v-7H7.9V12h2.5V9.8c0-2.5 1.5-3.9 3.8-3.9 1.1 0 2.2.2 2.2.2v2.5h-1.3c-1.2 0-1.6.8-1.6 1.6V12h2.8l-.4 2.9h-2.3v7C18.3 21.1 22 17 22 12c0-5.5-4.5-10-10-10z\"><\/path><\/svg><span class=\"wp-block-social-link-label screen-reader-text\">Facebook<\/span><\/a><\/li>\n\n\n\n\n\n\n\n<\/ul>\n\n\n\n<p><\/p>\n\n\n\n<p><\/p>\n","protected":false},"excerpt":{"rendered":"<p>Vous pouvez nous retrouver sur FACEBOOK. N\u00a0\u00bbh\u00e9siter pas \u00e0 aller jeter un coup d&rsquo;oeil et \u00e0 liker notre page. Vous y trouverez r\u00e9guli\u00e8rement des concours,des promotions.<\/p>\n","protected":false},"author":1,"featured_media":0,"parent":4809,"menu_order":1,"comment_status":"closed","ping_status":"closed","template":"","meta":{"_monsterinsights_skip_tracking":false,"_monsterinsights_sitenote_active":false,"_monsterinsights_sitenote_note":"","_monsterinsights_sitenote_category":0,"site-sidebar-layout":"default","site-content-layout":"default","ast-site-content-layout":"default","site-content-style":"default","site-sidebar-style":"default","ast-global-header-display":"","ast-banner-title-visibility":"","ast-main-header-display":"","ast-hfb-above-header-display":"","ast-hfb-below-header-display":"","ast-hfb-mobile-header-display":"","site-post-title":"","ast-breadcrumbs-content":"","ast-featured-img":"","footer-sml-layout":"","ast-disable-related-posts":"","theme-transparent-header-meta":"default","adv-header-id-meta":"","stick-header-meta":"","header-above-stick-meta":"","header-main-stick-meta":"","header-below-stick-meta":"","astra-migrate-meta-layouts":"default","ast-page-background-enabled":"default","ast-page-background-meta":{"desktop":{"background-color":"","background-image":"","background-repeat":"repeat","background-position":"center center","background-size":"auto","background-attachment":"scroll","background-type":"","background-media":"","overlay-type":"","overlay-color":"","overlay-opacity":"","overlay-gradient":""},"tablet":{"background-color":"","background-image":"","background-repeat":"repeat","background-position":"center center","background-size":"auto","background-attachment":"scroll","background-type":"","background-media":"","overlay-type":"","overlay-color":"","overlay-opacity":"","overlay-gradient":""},"mobile":{"background-color":"","background-image":"","background-repeat":"repeat","background-position":"center center","background-size":"auto","background-attachment":"scroll","background-type":"","background-media":"","overlay-type":"","overlay-color":"","overlay-opacity":"","overlay-gradient":""}},"ast-content-background-meta":{"desktop":{"background-color":"var(--ast-global-color-5)","background-image":"","background-repeat":"repeat","background-position":"center center","background-size":"auto","background-attachment":"scroll","background-type":"","background-media":"","overlay-type":"","overlay-color":"","overlay-opacity":"","overlay-gradient":""},"tablet":{"background-color":"var(--ast-global-color-5)","background-image":"","background-repeat":"repeat","background-position":"center center","background-size":"auto","background-attachment":"scroll","background-type":"","background-media":"","overlay-type":"","overlay-color":"","overlay-opacity":"","overlay-gradient":""},"mobile":{"background-color":"var(--ast-global-color-5)","background-image":"","background-repeat":"repeat","background-position":"center center","background-size":"auto","background-attachment":"scroll","background-type":"","background-media":"","overlay-type":"","overlay-color":"","overlay-opacity":"","overlay-gradient":""}},"footnotes":""},"class_list":["post-4964","page","type-page","status-publish","hentry"],"_links":{"self":[{"href":"https:\/\/couleurs-cotedopale.com\/index.php?rest_route=\/wp\/v2\/pages\/4964","targetHints":{"allow":["GET"]}}],"collection":[{"href":"https:\/\/couleurs-cotedopale.com\/index.php?rest_route=\/wp\/v2\/pages"}],"about":[{"href":"https:\/\/couleurs-cotedopale.com\/index.php?rest_route=\/wp\/v2\/types\/page"}],"author":[{"embeddable":true,"href":"https:\/\/couleurs-cotedopale.com\/index.php?rest_route=\/wp\/v2\/users\/1"}],"replies":[{"embeddable":true,"href":"https:\/\/couleurs-cotedopale.com\/index.php?rest_route=%2Fwp%2Fv2%2Fcomments&post=4964"}],"version-history":[{"count":3,"href":"https:\/\/couleurs-cotedopale.com\/index.php?rest_route=\/wp\/v2\/pages\/4964\/revisions"}],"predecessor-version":[{"id":4971,"href":"https:\/\/couleurs-cotedopale.com\/index.php?rest_route=\/wp\/v2\/pages\/4964\/revisions\/4971"}],"up":[{"embeddable":true,"href":"https:\/\/couleurs-cotedopale.com\/index.php?rest_route=\/wp\/v2\/pages\/4809"}],"wp:attachment":[{"href":"https:\/\/couleurs-cotedopale.com\/index.php?rest_route=%2Fwp%2Fv2%2Fmedia&parent=4964"}],"curies":[{"name":"wp","href":"https:\/\/api.w.org\/{rel}","templated":true}]}}