{"id":5305,"date":"2020-10-10T12:35:48","date_gmt":"2020-10-10T10:35:48","guid":{"rendered":"https:\/\/couleurs-cotedopale.com\/?page_id=5305"},"modified":"2021-05-23T13:07:10","modified_gmt":"2021-05-23T11:07:10","slug":"reserver-petit-studio-pres-du-phare","status":"publish","type":"page","link":"https:\/\/couleurs-cotedopale.com\/?page_id=5305","title":{"rendered":"R\u00e9server \u00ab\u00a0petit studio pr\u00e8s du phare\u00a0\u00bb"},"content":{"rendered":"<p>Si vous souhaitez r\u00e9gler autrement que par carte ou pour toutes questions, contactez nous.&nbsp;<\/p>\n<p>&nbsp;Lire <a style=\"font-size: 16px; background-color: #f7f7f7;\" href=\"https:\/\/couleurs-cotedopale.com\/?page_id=4837\"><em>les conditions g\u00e9n\u00e9rales.<\/em><\/a><\/p>\n\n\n<p>BON A SAVOIR : en cas d&rsquo;impossibilit\u00e9 de venir \u00e0 cause d&rsquo;un confinement local ou g\u00e9n\u00e9ralis\u00e9, votre r\u00e9servation vous sera int\u00e9gralement rembours\u00e9e ou un report propos\u00e9.<\/p>\n\n\n<p><iframe src=\"https:\/\/beds24.com\/booking2.php?propid=117078&amp;referer=iframe\" width=\"800\" height=\"2000\" style=\"max-width:100%;border:none;overflow:auto;\"><\/p>\n<p><a href=\"https:\/\/beds24.com\/booking2.php?propid=117078&amp;referer=iframe\" title=\"Book Now\">Book Now<\/a><\/p>\n<p><\/iframe><\/p>\n","protected":false},"excerpt":{"rendered":"<p>Si vous souhaitez r\u00e9gler autrement que par carte ou pour toutes questions, contactez nous.&nbsp; &nbsp;Lire les conditions g\u00e9n\u00e9rales. BON A SAVOIR : en cas d&rsquo;impossibilit\u00e9 de venir \u00e0 cause d&rsquo;un confinement local ou g\u00e9n\u00e9ralis\u00e9, votre r\u00e9servation vous sera int\u00e9gralement rembours\u00e9e ou un report propos\u00e9.<\/p>\n","protected":false},"author":1,"featured_media":0,"parent":4844,"menu_order":0,"comment_status":"closed","ping_status":"closed","template":"","meta":{"_monsterinsights_skip_tracking":false,"_monsterinsights_sitenote_active":false,"_monsterinsights_sitenote_note":"","_monsterinsights_sitenote_category":0,"site-sidebar-layout":"default","site-content-layout":"default","ast-site-content-layout":"default","site-content-style":"default","site-sidebar-style":"default","ast-global-header-display":"","ast-banner-title-visibility":"","ast-main-header-display":"","ast-hfb-above-header-display":"","ast-hfb-below-header-display":"","ast-hfb-mobile-header-display":"","site-post-title":"","ast-breadcrumbs-content":"","ast-featured-img":"","footer-sml-layout":"","ast-disable-related-posts":"","theme-transparent-header-meta":"default","adv-header-id-meta":"","stick-header-meta":"","header-above-stick-meta":"","header-main-stick-meta":"","header-below-stick-meta":"","astra-migrate-meta-layouts":"default","ast-page-background-enabled":"default","ast-page-background-meta":{"desktop":{"background-color":"","background-image":"","background-repeat":"repeat","background-position":"center center","background-size":"auto","background-attachment":"scroll","background-type":"","background-media":"","overlay-type":"","overlay-color":"","overlay-opacity":"","overlay-gradient":""},"tablet":{"background-color":"","background-image":"","background-repeat":"repeat","background-position":"center center","background-size":"auto","background-attachment":"scroll","background-type":"","background-media":"","overlay-type":"","overlay-color":"","overlay-opacity":"","overlay-gradient":""},"mobile":{"background-color":"","background-image":"","background-repeat":"repeat","background-position":"center center","background-size":"auto","background-attachment":"scroll","background-type":"","background-media":"","overlay-type":"","overlay-color":"","overlay-opacity":"","overlay-gradient":""}},"ast-content-background-meta":{"desktop":{"background-color":"var(--ast-global-color-5)","background-image":"","background-repeat":"repeat","background-position":"center center","background-size":"auto","background-attachment":"scroll","background-type":"","background-media":"","overlay-type":"","overlay-color":"","overlay-opacity":"","overlay-gradient":""},"tablet":{"background-color":"var(--ast-global-color-5)","background-image":"","background-repeat":"repeat","background-position":"center center","background-size":"auto","background-attachment":"scroll","background-type":"","background-media":"","overlay-type":"","overlay-color":"","overlay-opacity":"","overlay-gradient":""},"mobile":{"background-color":"var(--ast-global-color-5)","background-image":"","background-repeat":"repeat","background-position":"center center","background-size":"auto","background-attachment":"scroll","background-type":"","background-media":"","overlay-type":"","overlay-color":"","overlay-opacity":"","overlay-gradient":""}},"footnotes":""},"class_list":["post-5305","page","type-page","status-publish","hentry"],"_links":{"self":[{"href":"https:\/\/couleurs-cotedopale.com\/index.php?rest_route=\/wp\/v2\/pages\/5305","targetHints":{"allow":["GET"]}}],"collection":[{"href":"https:\/\/couleurs-cotedopale.com\/index.php?rest_route=\/wp\/v2\/pages"}],"about":[{"href":"https:\/\/couleurs-cotedopale.com\/index.php?rest_route=\/wp\/v2\/types\/page"}],"author":[{"embeddable":true,"href":"https:\/\/couleurs-cotedopale.com\/index.php?rest_route=\/wp\/v2\/users\/1"}],"replies":[{"embeddable":true,"href":"https:\/\/couleurs-cotedopale.com\/index.php?rest_route=%2Fwp%2Fv2%2Fcomments&post=5305"}],"version-history":[{"count":15,"href":"https:\/\/couleurs-cotedopale.com\/index.php?rest_route=\/wp\/v2\/pages\/5305\/revisions"}],"predecessor-version":[{"id":5874,"href":"https:\/\/couleurs-cotedopale.com\/index.php?rest_route=\/wp\/v2\/pages\/5305\/revisions\/5874"}],"up":[{"embeddable":true,"href":"https:\/\/couleurs-cotedopale.com\/index.php?rest_route=\/wp\/v2\/pages\/4844"}],"wp:attachment":[{"href":"https:\/\/couleurs-cotedopale.com\/index.php?rest_route=%2Fwp%2Fv2%2Fmedia&parent=5305"}],"curies":[{"name":"wp","href":"https:\/\/api.w.org\/{rel}","templated":true}]}}